{"id":16,"date":"2026-01-09T12:08:29","date_gmt":"2026-01-09T12:08:29","guid":{"rendered":"https:\/\/lacajadecerillas1987.com.rkinformatika.online\/?page_id=16"},"modified":"2026-01-09T14:17:27","modified_gmt":"2026-01-09T14:17:27","slug":"servicios","status":"publish","type":"page","link":"https:\/\/lacajadecerillas1987.com\/eu\/servicios\/","title":{"rendered":"Zerbitzuak"},"content":{"rendered":"<div data-elementor-type=\"wp-page\" data-elementor-id=\"16\" class=\"elementor elementor-16\" data-elementor-post-type=\"page\">\n\t\t\t\t<div class=\"elementor-element elementor-element-54a46d3 e-flex e-con-boxed e-con e-parent\" data-id=\"54a46d3\" data-element_type=\"container\" data-e-type=\"container\" data-settings=\"{&quot;background_background&quot;:&quot;classic&quot;}\">\n\t\t\t\t\t<div class=\"e-con-inner\">\n\t\t\t\t\t<\/div>\n\t\t\t\t<\/div>\n\t\t<div class=\"elementor-element elementor-element-551fa7b e-flex e-con-boxed e-con e-parent\" data-id=\"551fa7b\" data-element_type=\"container\" data-e-type=\"container\">\n\t\t\t\t\t<div class=\"e-con-inner\">\n\t\t<div class=\"elementor-element elementor-element-01cd0b9 e-con-full e-flex e-con e-child\" data-id=\"01cd0b9\" data-element_type=\"container\" data-e-type=\"container\">\n\t\t\t\t<div class=\"elementor-element elementor-element-bbc9f34 elementor-widget elementor-widget-image\" data-id=\"bbc9f34\" data-element_type=\"widget\" data-e-type=\"widget\" data-widget_type=\"image.default\">\n\t\t\t\t\t\t\t\t\t\t\t\t\t\t\t<img fetchpriority=\"high\" decoding=\"async\" width=\"2048\" height=\"1367\" src=\"https:\/\/lacajadecerillas1987.com\/wp-content\/uploads\/2026\/01\/latte-coffee-cup-2048x1367.jpg\" class=\"attachment-2048x2048 size-2048x2048 wp-image-301\" alt=\"\" srcset=\"https:\/\/lacajadecerillas1987.com\/wp-content\/uploads\/2026\/01\/latte-coffee-cup-2048x1367.jpg 2048w, https:\/\/lacajadecerillas1987.com\/wp-content\/uploads\/2026\/01\/latte-coffee-cup-300x200.jpg 300w, https:\/\/lacajadecerillas1987.com\/wp-content\/uploads\/2026\/01\/latte-coffee-cup-1024x684.jpg 1024w, https:\/\/lacajadecerillas1987.com\/wp-content\/uploads\/2026\/01\/latte-coffee-cup-768x513.jpg 768w, https:\/\/lacajadecerillas1987.com\/wp-content\/uploads\/2026\/01\/latte-coffee-cup-1536x1025.jpg 1536w, https:\/\/lacajadecerillas1987.com\/wp-content\/uploads\/2026\/01\/latte-coffee-cup-18x12.jpg 18w\" sizes=\"(max-width: 2048px) 100vw, 2048px\" \/>\t\t\t\t\t\t\t\t\t\t\t\t\t\t\t<\/div>\n\t\t\t\t<div class=\"elementor-element elementor-element-47e751e elementor-widget elementor-widget-heading\" data-id=\"47e751e\" data-element_type=\"widget\" data-e-type=\"widget\" data-widget_type=\"heading.default\">\n\t\t\t\t\t<h2 class=\"elementor-heading-title elementor-size-default\">Especialistas en CAFE<\/h2>\t\t\t\t<\/div>\n\t\t\t\t<\/div>\n\t\t<div class=\"elementor-element elementor-element-28aed0f e-con-full e-flex e-con e-child\" data-id=\"28aed0f\" data-element_type=\"container\" data-e-type=\"container\">\n\t\t\t\t<div class=\"elementor-element elementor-element-984cbce elementor-widget elementor-widget-image\" data-id=\"984cbce\" data-element_type=\"widget\" data-e-type=\"widget\" data-widget_type=\"image.default\">\n\t\t\t\t\t\t\t\t\t\t\t\t\t\t\t<img decoding=\"async\" width=\"800\" height=\"531\" src=\"https:\/\/lacajadecerillas1987.com\/wp-content\/uploads\/2026\/01\/close-up-dessert-table-1024x680.jpg\" class=\"attachment-large size-large wp-image-305\" alt=\"\" srcset=\"https:\/\/lacajadecerillas1987.com\/wp-content\/uploads\/2026\/01\/close-up-dessert-table-1024x680.jpg 1024w, https:\/\/lacajadecerillas1987.com\/wp-content\/uploads\/2026\/01\/close-up-dessert-table-300x199.jpg 300w, https:\/\/lacajadecerillas1987.com\/wp-content\/uploads\/2026\/01\/close-up-dessert-table-768x510.jpg 768w, https:\/\/lacajadecerillas1987.com\/wp-content\/uploads\/2026\/01\/close-up-dessert-table-1536x1020.jpg 1536w, https:\/\/lacajadecerillas1987.com\/wp-content\/uploads\/2026\/01\/close-up-dessert-table-2048x1361.jpg 2048w, https:\/\/lacajadecerillas1987.com\/wp-content\/uploads\/2026\/01\/close-up-dessert-table-18x12.jpg 18w\" sizes=\"(max-width: 800px) 100vw, 800px\" \/>\t\t\t\t\t\t\t\t\t\t\t\t\t\t\t<\/div>\n\t\t\t\t<div class=\"elementor-element elementor-element-83aad03 elementor-widget elementor-widget-heading\" data-id=\"83aad03\" data-element_type=\"widget\" data-e-type=\"widget\" data-widget_type=\"heading.default\">\n\t\t\t\t\t<h2 class=\"elementor-heading-title elementor-size-default\">Tostadas con mantequilla<\/h2>\t\t\t\t<\/div>\n\t\t\t\t<\/div>\n\t\t<div class=\"elementor-element elementor-element-fdba16d e-con-full e-flex e-con e-child\" data-id=\"fdba16d\" data-element_type=\"container\" data-e-type=\"container\">\n\t\t\t\t<div class=\"elementor-element elementor-element-2f3448f elementor-widget elementor-widget-image\" data-id=\"2f3448f\" data-element_type=\"widget\" data-e-type=\"widget\" data-widget_type=\"image.default\">\n\t\t\t\t\t\t\t\t\t\t\t\t\t\t\t<img decoding=\"async\" width=\"2048\" height=\"1365\" src=\"https:\/\/lacajadecerillas1987.com\/wp-content\/uploads\/2026\/01\/close-up-person-holding-ice-cream-2048x1365.jpg\" class=\"attachment-2048x2048 size-2048x2048 wp-image-294\" alt=\"\" srcset=\"https:\/\/lacajadecerillas1987.com\/wp-content\/uploads\/2026\/01\/close-up-person-holding-ice-cream-2048x1365.jpg 2048w, https:\/\/lacajadecerillas1987.com\/wp-content\/uploads\/2026\/01\/close-up-person-holding-ice-cream-300x200.jpg 300w, https:\/\/lacajadecerillas1987.com\/wp-content\/uploads\/2026\/01\/close-up-person-holding-ice-cream-1024x683.jpg 1024w, https:\/\/lacajadecerillas1987.com\/wp-content\/uploads\/2026\/01\/close-up-person-holding-ice-cream-768x512.jpg 768w, https:\/\/lacajadecerillas1987.com\/wp-content\/uploads\/2026\/01\/close-up-person-holding-ice-cream-1536x1024.jpg 1536w, https:\/\/lacajadecerillas1987.com\/wp-content\/uploads\/2026\/01\/close-up-person-holding-ice-cream-18x12.jpg 18w\" sizes=\"(max-width: 2048px) 100vw, 2048px\" \/>\t\t\t\t\t\t\t\t\t\t\t\t\t\t\t<\/div>\n\t\t\t\t<div class=\"elementor-element elementor-element-319939f elementor-widget elementor-widget-heading\" data-id=\"319939f\" data-element_type=\"widget\" data-e-type=\"widget\" data-widget_type=\"heading.default\">\n\t\t\t\t\t<h2 class=\"elementor-heading-title elementor-size-default\">Mermelada a la sart\u00e9n<\/h2>\t\t\t\t<\/div>\n\t\t\t\t<\/div>\n\t\t<div class=\"elementor-element elementor-element-1742aa8 e-con-full e-flex e-con e-child\" data-id=\"1742aa8\" data-element_type=\"container\" data-e-type=\"container\">\n\t\t\t\t<div class=\"elementor-element elementor-element-c305ea7 elementor-widget elementor-widget-image\" data-id=\"c305ea7\" data-element_type=\"widget\" data-e-type=\"widget\" data-widget_type=\"image.default\">\n\t\t\t\t\t\t\t\t\t\t\t\t\t\t\t<img loading=\"lazy\" decoding=\"async\" width=\"800\" height=\"534\" src=\"https:\/\/lacajadecerillas1987.com\/wp-content\/uploads\/2026\/01\/tasty-sandwiches-with-tomatoes-bacon-1024x683.jpg\" class=\"attachment-large size-large wp-image-309\" alt=\"\" srcset=\"https:\/\/lacajadecerillas1987.com\/wp-content\/uploads\/2026\/01\/tasty-sandwiches-with-tomatoes-bacon-1024x683.jpg 1024w, https:\/\/lacajadecerillas1987.com\/wp-content\/uploads\/2026\/01\/tasty-sandwiches-with-tomatoes-bacon-300x200.jpg 300w, https:\/\/lacajadecerillas1987.com\/wp-content\/uploads\/2026\/01\/tasty-sandwiches-with-tomatoes-bacon-768x512.jpg 768w, https:\/\/lacajadecerillas1987.com\/wp-content\/uploads\/2026\/01\/tasty-sandwiches-with-tomatoes-bacon-1536x1024.jpg 1536w, https:\/\/lacajadecerillas1987.com\/wp-content\/uploads\/2026\/01\/tasty-sandwiches-with-tomatoes-bacon-2048x1365.jpg 2048w, https:\/\/lacajadecerillas1987.com\/wp-content\/uploads\/2026\/01\/tasty-sandwiches-with-tomatoes-bacon-18x12.jpg 18w\" sizes=\"(max-width: 800px) 100vw, 800px\" \/>\t\t\t\t\t\t\t\t\t\t\t\t\t\t\t<\/div>\n\t\t\t\t<div class=\"elementor-element elementor-element-224775e elementor-widget elementor-widget-heading\" data-id=\"224775e\" data-element_type=\"widget\" data-e-type=\"widget\" data-widget_type=\"heading.default\">\n\t\t\t\t\t<h2 class=\"elementor-heading-title elementor-size-default\">Tost\u00e1 tumaca con jam\u00f3n<\/h2>\t\t\t\t<\/div>\n\t\t\t\t<\/div>\n\t\t\t\t\t<\/div>\n\t\t\t\t<\/div>\n\t\t<div class=\"elementor-element elementor-element-f63642f e-flex e-con-boxed e-con e-parent\" data-id=\"f63642f\" data-element_type=\"container\" data-e-type=\"container\">\n\t\t\t\t\t<div class=\"e-con-inner\">\n\t\t\t\t<div class=\"elementor-element elementor-element-951a83d elementor-widget elementor-widget-image-carousel\" data-id=\"951a83d\" data-element_type=\"widget\" data-e-type=\"widget\" data-settings=\"{&quot;slides_to_show&quot;:&quot;4&quot;,&quot;navigation&quot;:&quot;none&quot;,&quot;image_spacing_custom&quot;:{&quot;unit&quot;:&quot;px&quot;,&quot;size&quot;:5,&quot;sizes&quot;:[]},&quot;slides_to_show_tablet&quot;:&quot;3&quot;,&quot;slides_to_show_mobile&quot;:&quot;2&quot;,&quot;autoplay&quot;:&quot;yes&quot;,&quot;pause_on_hover&quot;:&quot;yes&quot;,&quot;pause_on_interaction&quot;:&quot;yes&quot;,&quot;autoplay_speed&quot;:5000,&quot;infinite&quot;:&quot;yes&quot;,&quot;speed&quot;:500,&quot;image_spacing_custom_tablet&quot;:{&quot;unit&quot;:&quot;px&quot;,&quot;size&quot;:&quot;&quot;,&quot;sizes&quot;:[]},&quot;image_spacing_custom_mobile&quot;:{&quot;unit&quot;:&quot;px&quot;,&quot;size&quot;:&quot;&quot;,&quot;sizes&quot;:[]}}\" data-widget_type=\"image-carousel.default\">\n\t\t\t\t\t\t\t<div class=\"elementor-image-carousel-wrapper swiper\" role=\"region\" aria-roledescription=\"carousel\" aria-label=\"Carrusel de im\u00e1genes\" dir=\"ltr\">\n\t\t\t<div class=\"elementor-image-carousel swiper-wrapper\" aria-live=\"off\">\n\t\t\t\t\t\t\t\t<div class=\"swiper-slide\" role=\"group\" aria-roledescription=\"slide\" aria-label=\"1 de 11\"><figure class=\"swiper-slide-inner\"><img decoding=\"async\" class=\"swiper-slide-image\" src=\"https:\/\/lacajadecerillas1987.com\/wp-content\/uploads\/elementor\/thumbs\/WhatsApp-Image-2026-01-09-at-13.14.19-16-rhei13vjmbs2zp6mj812i6qix158jsy244fa9qcgog.jpeg\" alt=\"WhatsApp Image 2026-01-09 at 13.14.19 (16)\" \/><\/figure><\/div><div class=\"swiper-slide\" role=\"group\" aria-roledescription=\"slide\" aria-label=\"2 de 11\"><figure class=\"swiper-slide-inner\"><img decoding=\"async\" class=\"swiper-slide-image\" src=\"https:\/\/lacajadecerillas1987.com\/wp-content\/uploads\/elementor\/thumbs\/WhatsApp-Image-2026-01-09-at-13.14.19-13-rhei0y8ihbkd21etg5lb385rcpx19mbo3cide2ktps.jpeg\" alt=\"WhatsApp Image 2026-01-09 at 13.14.19 (13)\" \/><\/figure><\/div><div class=\"swiper-slide\" role=\"group\" aria-roledescription=\"slide\" aria-label=\"3 de 11\"><figure class=\"swiper-slide-inner\"><img decoding=\"async\" class=\"swiper-slide-image\" src=\"https:\/\/lacajadecerillas1987.com\/wp-content\/uploads\/elementor\/thumbs\/WhatsApp-Image-2026-01-09-at-13.14.19-12-rhei0wcu3nhsethjr4s1y8mu5y6au847f37efinm28.jpeg\" alt=\"WhatsApp Image 2026-01-09 at 13.14.19 (12)\" \/><\/figure><\/div><div class=\"swiper-slide\" role=\"group\" aria-roledescription=\"slide\" aria-label=\"4 de 11\"><figure class=\"swiper-slide-inner\"><img decoding=\"async\" class=\"swiper-slide-image\" src=\"https:\/\/lacajadecerillas1987.com\/wp-content\/uploads\/elementor\/thumbs\/WhatsApp-Image-2026-01-09-at-13.14.19-9-rhei0qpsyna2h5pqo2caja22lmy3k1htebahjuvz3k.jpeg\" alt=\"WhatsApp Image 2026-01-09 at 13.14.19 (9)\" \/><\/figure><\/div><div class=\"swiper-slide\" role=\"group\" aria-roledescription=\"slide\" aria-label=\"5 de 11\"><figure class=\"swiper-slide-inner\"><img decoding=\"async\" class=\"swiper-slide-image\" src=\"https:\/\/lacajadecerillas1987.com\/wp-content\/uploads\/elementor\/thumbs\/WhatsApp-Image-2026-01-09-at-13.14.19-8-rhei0ou4kz7htxsgz1j1eaj5ev7d4nacq1zilayrg0.jpeg\" alt=\"WhatsApp Image 2026-01-09 at 13.14.19 (8)\" \/><\/figure><\/div><div class=\"swiper-slide\" role=\"group\" aria-roledescription=\"slide\" aria-label=\"6 de 11\"><figure class=\"swiper-slide-inner\"><img decoding=\"async\" class=\"swiper-slide-image\" src=\"https:\/\/lacajadecerillas1987.com\/wp-content\/uploads\/elementor\/thumbs\/WhatsApp-Image-2026-01-09-at-13.14.19-7-rhei0myg7b4x6pv7a0ps9b0883gmp92w1sojmr1jsg.jpeg\" alt=\"WhatsApp Image 2026-01-09 at 13.14.19 (7)\" \/><\/figure><\/div><div class=\"swiper-slide\" role=\"group\" aria-roledescription=\"slide\" aria-label=\"7 de 11\"><figure class=\"swiper-slide-inner\"><img decoding=\"async\" class=\"swiper-slide-image\" src=\"https:\/\/lacajadecerillas1987.com\/wp-content\/uploads\/elementor\/thumbs\/WhatsApp-Image-2026-01-09-at-13.14.19-6-rhei0l2rtn2cjhxxkzwj4bhb1bpw9uvfdjdko74c4w.jpeg\" alt=\"WhatsApp Image 2026-01-09 at 13.14.19 (6)\" \/><\/figure><\/div><div class=\"swiper-slide\" role=\"group\" aria-roledescription=\"slide\" aria-label=\"8 de 11\"><figure class=\"swiper-slide-inner\"><img decoding=\"async\" class=\"swiper-slide-image\" src=\"https:\/\/lacajadecerillas1987.com\/wp-content\/uploads\/elementor\/thumbs\/WhatsApp-Image-2026-01-09-at-13.14.19-5-rhei0k4xmt127vzaqhhwjtpufxuj25rp1eq36x5qb4.jpeg\" alt=\"WhatsApp Image 2026-01-09 at 13.14.19 (5)\" \/><\/figure><\/div><div class=\"swiper-slide\" role=\"group\" aria-roledescription=\"slide\" aria-label=\"9 de 11\"><figure class=\"swiper-slide-inner\"><img decoding=\"async\" class=\"swiper-slide-image\" src=\"https:\/\/lacajadecerillas1987.com\/wp-content\/uploads\/elementor\/thumbs\/WhatsApp-Image-2026-01-09-at-13.14.19-4-rhei0i9994yhko211goneu6x963smrk8d5f48d8ink.jpeg\" alt=\"WhatsApp Image 2026-01-09 at 13.14.19 (4)\" \/><\/figure><\/div><div class=\"swiper-slide\" role=\"group\" aria-roledescription=\"slide\" aria-label=\"10 de 11\"><figure class=\"swiper-slide-inner\"><img decoding=\"async\" class=\"swiper-slide-image\" src=\"https:\/\/lacajadecerillas1987.com\/wp-content\/uploads\/elementor\/thumbs\/WhatsApp-Image-2026-01-09-at-13.14.19-3-rhei0ffqomumlu64hxgrpcwjh0hozo91crgnsjcp68.jpeg\" alt=\"WhatsApp Image 2026-01-09 at 13.14.19 (3)\" \/><\/figure><\/div><div class=\"swiper-slide\" role=\"group\" aria-roledescription=\"slide\" aria-label=\"11 de 11\"><figure class=\"swiper-slide-inner\"><img decoding=\"async\" class=\"swiper-slide-image\" src=\"https:\/\/lacajadecerillas1987.com\/wp-content\/uploads\/elementor\/thumbs\/WhatsApp-Image-2026-01-09-at-13.14.19-2-rhei0ehwhstca87hnf254v52vmmbrz5b0mt6b9e3cg.jpeg\" alt=\"WhatsApp Image 2026-01-09 at 13.14.19 (2)\" \/><\/figure><\/div>\t\t\t<\/div>\n\t\t\t\t\t\t\t\n\t\t\t\t\t\t\t\t\t<\/div>\n\t\t\t\t\t\t<\/div>\n\t\t\t\t<div class=\"elementor-element elementor-element-2dab5fb elementor-widget elementor-widget-button\" data-id=\"2dab5fb\" data-element_type=\"widget\" data-e-type=\"widget\" data-widget_type=\"button.default\">\n\t\t\t\t\t\t\t\t\t\t<a class=\"elementor-button elementor-button-link elementor-size-sm elementor-animation-wobble-horizontal\" href=\"\/eu\/contacto\/\">\n\t\t\t\t\t\t<span class=\"elementor-button-content-wrapper\">\n\t\t\t\t\t\t\t\t\t<span class=\"elementor-button-text\">Reservar Mesa<\/span>\n\t\t\t\t\t<\/span>\n\t\t\t\t\t<\/a>\n\t\t\t\t\t\t\t\t<\/div>\n\t\t\t\t\t<\/div>\n\t\t\t\t<\/div>\n\t\t\t\t<\/div>","protected":false},"excerpt":{"rendered":"<p>Especialistas en CAFE Tostadas con mantequilla Mermelada a la sart\u00e9n Tost\u00e1 tumaca con jam\u00f3n Reservar Mesa<\/p>","protected":false},"author":1,"featured_media":0,"parent":0,"menu_order":0,"comment_status":"closed","ping_status":"closed","template":"elementor_canvas","meta":{"footnotes":""},"class_list":["post-16","page","type-page","status-publish","hentry"],"yoast_head":"<!-- This site is optimized with the Yoast SEO plugin v27.3 - https:\/\/yoast.com\/product\/yoast-seo-wordpress\/ -->\n<title>Servicios - Lacajadecerillas<\/title>\n<meta name=\"robots\" content=\"index, follow, max-snippet:-1, max-image-preview:large, max-video-preview:-1\" \/>\n<link rel=\"canonical\" href=\"https:\/\/lacajadecerillas1987.com\/eu\/servicios\/\" \/>\n<meta property=\"og:locale\" content=\"en_US\" \/>\n<meta property=\"og:type\" content=\"article\" \/>\n<meta property=\"og:title\" content=\"Servicios - Lacajadecerillas\" \/>\n<meta property=\"og:description\" content=\"Especialistas en CAFE Tostadas con mantequilla Mermelada a la sart\u00e9n Tost\u00e1 tumaca con jam\u00f3n Reservar Mesa\" \/>\n<meta property=\"og:url\" content=\"https:\/\/lacajadecerillas1987.com\/eu\/servicios\/\" \/>\n<meta property=\"og:site_name\" content=\"Lacajadecerillas\" \/>\n<meta property=\"article:modified_time\" content=\"2026-01-09T14:17:27+00:00\" \/>\n<meta property=\"og:image\" content=\"https:\/\/lacajadecerillas1987.com\/wp-content\/uploads\/2026\/01\/latte-coffee-cup-2048x1367.jpg\" \/>\n<meta name=\"twitter:card\" content=\"summary_large_image\" \/>\n<meta name=\"twitter:label1\" content=\"Est. reading time\" \/>\n\t<meta name=\"twitter:data1\" content=\"4 minutua\" \/>\n<script type=\"application\/ld+json\" class=\"yoast-schema-graph\">{\"@context\":\"https:\\\/\\\/schema.org\",\"@graph\":[{\"@type\":\"WebPage\",\"@id\":\"https:\\\/\\\/lacajadecerillas1987.com\\\/servicios\\\/\",\"url\":\"https:\\\/\\\/lacajadecerillas1987.com\\\/servicios\\\/\",\"name\":\"Servicios - Lacajadecerillas\",\"isPartOf\":{\"@id\":\"https:\\\/\\\/lacajadecerillas1987.com\\\/#website\"},\"primaryImageOfPage\":{\"@id\":\"https:\\\/\\\/lacajadecerillas1987.com\\\/servicios\\\/#primaryimage\"},\"image\":{\"@id\":\"https:\\\/\\\/lacajadecerillas1987.com\\\/servicios\\\/#primaryimage\"},\"thumbnailUrl\":\"https:\\\/\\\/lacajadecerillas1987.com\\\/wp-content\\\/uploads\\\/2026\\\/01\\\/latte-coffee-cup-2048x1367.jpg\",\"datePublished\":\"2026-01-09T12:08:29+00:00\",\"dateModified\":\"2026-01-09T14:17:27+00:00\",\"breadcrumb\":{\"@id\":\"https:\\\/\\\/lacajadecerillas1987.com\\\/servicios\\\/#breadcrumb\"},\"inLanguage\":\"eu\",\"potentialAction\":[{\"@type\":\"ReadAction\",\"target\":[\"https:\\\/\\\/lacajadecerillas1987.com\\\/servicios\\\/\"]}]},{\"@type\":\"ImageObject\",\"inLanguage\":\"eu\",\"@id\":\"https:\\\/\\\/lacajadecerillas1987.com\\\/servicios\\\/#primaryimage\",\"url\":\"https:\\\/\\\/lacajadecerillas1987.com\\\/wp-content\\\/uploads\\\/2026\\\/01\\\/latte-coffee-cup-2048x1367.jpg\",\"contentUrl\":\"https:\\\/\\\/lacajadecerillas1987.com\\\/wp-content\\\/uploads\\\/2026\\\/01\\\/latte-coffee-cup-2048x1367.jpg\"},{\"@type\":\"BreadcrumbList\",\"@id\":\"https:\\\/\\\/lacajadecerillas1987.com\\\/servicios\\\/#breadcrumb\",\"itemListElement\":[{\"@type\":\"ListItem\",\"position\":1,\"name\":\"Portada\",\"item\":\"https:\\\/\\\/lacajadecerillas1987.com\\\/\"},{\"@type\":\"ListItem\",\"position\":2,\"name\":\"Servicios\"}]},{\"@type\":\"WebSite\",\"@id\":\"https:\\\/\\\/lacajadecerillas1987.com\\\/#website\",\"url\":\"https:\\\/\\\/lacajadecerillas1987.com\\\/\",\"name\":\"Lacajadecerillas\",\"description\":\"\",\"publisher\":{\"@id\":\"https:\\\/\\\/lacajadecerillas1987.com\\\/#organization\"},\"potentialAction\":[{\"@type\":\"SearchAction\",\"target\":{\"@type\":\"EntryPoint\",\"urlTemplate\":\"https:\\\/\\\/lacajadecerillas1987.com\\\/?s={search_term_string}\"},\"query-input\":{\"@type\":\"PropertyValueSpecification\",\"valueRequired\":true,\"valueName\":\"search_term_string\"}}],\"inLanguage\":\"eu\"},{\"@type\":\"Organization\",\"@id\":\"https:\\\/\\\/lacajadecerillas1987.com\\\/#organization\",\"name\":\"Lacajadecerillas\",\"url\":\"https:\\\/\\\/lacajadecerillas1987.com\\\/\",\"logo\":{\"@type\":\"ImageObject\",\"inLanguage\":\"eu\",\"@id\":\"https:\\\/\\\/lacajadecerillas1987.com\\\/#\\\/schema\\\/logo\\\/image\\\/\",\"url\":\"https:\\\/\\\/lacajadecerillas1987.com\\\/wp-content\\\/uploads\\\/2026\\\/01\\\/cropped-3.png\",\"contentUrl\":\"https:\\\/\\\/lacajadecerillas1987.com\\\/wp-content\\\/uploads\\\/2026\\\/01\\\/cropped-3.png\",\"width\":500,\"height\":500,\"caption\":\"Lacajadecerillas\"},\"image\":{\"@id\":\"https:\\\/\\\/lacajadecerillas1987.com\\\/#\\\/schema\\\/logo\\\/image\\\/\"}}]}<\/script>\n<!-- \/ Yoast SEO plugin. -->","yoast_head_json":{"title":"Servicios - Lacajadecerillas","robots":{"index":"index","follow":"follow","max-snippet":"max-snippet:-1","max-image-preview":"max-image-preview:large","max-video-preview":"max-video-preview:-1"},"canonical":"https:\/\/lacajadecerillas1987.com\/eu\/servicios\/","og_locale":"en_US","og_type":"article","og_title":"Servicios - Lacajadecerillas","og_description":"Especialistas en CAFE Tostadas con mantequilla Mermelada a la sart\u00e9n Tost\u00e1 tumaca con jam\u00f3n Reservar Mesa","og_url":"https:\/\/lacajadecerillas1987.com\/eu\/servicios\/","og_site_name":"Lacajadecerillas","article_modified_time":"2026-01-09T14:17:27+00:00","og_image":[{"url":"https:\/\/lacajadecerillas1987.com\/wp-content\/uploads\/2026\/01\/latte-coffee-cup-2048x1367.jpg","type":"","width":"","height":""}],"twitter_card":"summary_large_image","twitter_misc":{"Est. reading time":"4 minutua"},"schema":{"@context":"https:\/\/schema.org","@graph":[{"@type":"WebPage","@id":"https:\/\/lacajadecerillas1987.com\/servicios\/","url":"https:\/\/lacajadecerillas1987.com\/servicios\/","name":"Servicios - Lacajadecerillas","isPartOf":{"@id":"https:\/\/lacajadecerillas1987.com\/#website"},"primaryImageOfPage":{"@id":"https:\/\/lacajadecerillas1987.com\/servicios\/#primaryimage"},"image":{"@id":"https:\/\/lacajadecerillas1987.com\/servicios\/#primaryimage"},"thumbnailUrl":"https:\/\/lacajadecerillas1987.com\/wp-content\/uploads\/2026\/01\/latte-coffee-cup-2048x1367.jpg","datePublished":"2026-01-09T12:08:29+00:00","dateModified":"2026-01-09T14:17:27+00:00","breadcrumb":{"@id":"https:\/\/lacajadecerillas1987.com\/servicios\/#breadcrumb"},"inLanguage":"eu","potentialAction":[{"@type":"ReadAction","target":["https:\/\/lacajadecerillas1987.com\/servicios\/"]}]},{"@type":"ImageObject","inLanguage":"eu","@id":"https:\/\/lacajadecerillas1987.com\/servicios\/#primaryimage","url":"https:\/\/lacajadecerillas1987.com\/wp-content\/uploads\/2026\/01\/latte-coffee-cup-2048x1367.jpg","contentUrl":"https:\/\/lacajadecerillas1987.com\/wp-content\/uploads\/2026\/01\/latte-coffee-cup-2048x1367.jpg"},{"@type":"BreadcrumbList","@id":"https:\/\/lacajadecerillas1987.com\/servicios\/#breadcrumb","itemListElement":[{"@type":"ListItem","position":1,"name":"Portada","item":"https:\/\/lacajadecerillas1987.com\/"},{"@type":"ListItem","position":2,"name":"Servicios"}]},{"@type":"WebSite","@id":"https:\/\/lacajadecerillas1987.com\/#website","url":"https:\/\/lacajadecerillas1987.com\/","name":"Lacajadecerillas","description":"","publisher":{"@id":"https:\/\/lacajadecerillas1987.com\/#organization"},"potentialAction":[{"@type":"SearchAction","target":{"@type":"EntryPoint","urlTemplate":"https:\/\/lacajadecerillas1987.com\/?s={search_term_string}"},"query-input":{"@type":"PropertyValueSpecification","valueRequired":true,"valueName":"search_term_string"}}],"inLanguage":"eu"},{"@type":"Organization","@id":"https:\/\/lacajadecerillas1987.com\/#organization","name":"Lacajadecerillas","url":"https:\/\/lacajadecerillas1987.com\/","logo":{"@type":"ImageObject","inLanguage":"eu","@id":"https:\/\/lacajadecerillas1987.com\/#\/schema\/logo\/image\/","url":"https:\/\/lacajadecerillas1987.com\/wp-content\/uploads\/2026\/01\/cropped-3.png","contentUrl":"https:\/\/lacajadecerillas1987.com\/wp-content\/uploads\/2026\/01\/cropped-3.png","width":500,"height":500,"caption":"Lacajadecerillas"},"image":{"@id":"https:\/\/lacajadecerillas1987.com\/#\/schema\/logo\/image\/"}}]}},"_links":{"self":[{"href":"https:\/\/lacajadecerillas1987.com\/eu\/wp-json\/wp\/v2\/pages\/16","targetHints":{"allow":["GET"]}}],"collection":[{"href":"https:\/\/lacajadecerillas1987.com\/eu\/wp-json\/wp\/v2\/pages"}],"about":[{"href":"https:\/\/lacajadecerillas1987.com\/eu\/wp-json\/wp\/v2\/types\/page"}],"author":[{"embeddable":true,"href":"https:\/\/lacajadecerillas1987.com\/eu\/wp-json\/wp\/v2\/users\/1"}],"replies":[{"embeddable":true,"href":"https:\/\/lacajadecerillas1987.com\/eu\/wp-json\/wp\/v2\/comments?post=16"}],"version-history":[{"count":142,"href":"https:\/\/lacajadecerillas1987.com\/eu\/wp-json\/wp\/v2\/pages\/16\/revisions"}],"predecessor-version":[{"id":444,"href":"https:\/\/lacajadecerillas1987.com\/eu\/wp-json\/wp\/v2\/pages\/16\/revisions\/444"}],"wp:attachment":[{"href":"https:\/\/lacajadecerillas1987.com\/eu\/wp-json\/wp\/v2\/media?parent=16"}],"curies":[{"name":"wp","href":"https:\/\/api.w.org\/{rel}","templated":true}]}}